{"id":6989,"date":"2023-10-18T22:39:45","date_gmt":"2023-10-18T22:39:45","guid":{"rendered":"https:\/\/www.bianna.at\/?post_type=product&#038;p=6989"},"modified":"2026-02-26T22:57:52","modified_gmt":"2026-02-26T22:57:52","slug":"gitarre","status":"publish","type":"product","link":"https:\/\/www.bianna.at\/de\/urun\/gitarre\/","title":{"rendered":"Gitarre"},"content":{"rendered":"<p>Das Baskenland an der Nordk\u00fcste Spaniens ist bekannt f\u00fcr seine eindrucksvollen Meeresbuchten und ausgezeichnete K\u00fcche. Doch die Region hat weitaus mehr zu bieten,denn in Zarautz, direkt an der Nordk\u00fcste Spaniens, hat die Konzertgitarren-Marke \u201eAdmira\u201c ihren Ursprung.Das Gitarrenbau-Unternehmen \u201eEnrique Keller S.A.\u201c begann 1944 als Ein-Mann-Betrieb und entwickelte sich bis heute zu einem Unternehmen mit 100 Mitarbeitern. Enrique Keller, selbst, legte beim Bau seiner Konzertgitarren schon immer Wert auf gute Handarbeit und diesen Wert wusste er fest unter seinen nachfolgenden Generationen zu verankern.<\/p>","protected":false},"excerpt":{"rendered":"<p><strong>Beschreibung<\/strong><\/p>\n<p><strong>Decke:<\/strong> Oregon Kiefer<br \/>\n<strong>Boden:<\/strong> Sapelle<br \/>\n<strong>Zarge:<\/strong> Sapelle<br \/>\n<strong>Griffbrett und Steg:<\/strong> Kabukalli<br \/>\n<strong>Hals:<\/strong> afrikanisches Mahagoni<\/p>","protected":false},"featured_media":6993,"comment_status":"closed","ping_status":"closed","template":"","meta":{"inline_featured_image":false},"product_cat":[77],"product_tag":[],"class_list":["post-6989","product","type-product","status-publish","has-post-thumbnail","hentry","product_cat-musik"],"_links":{"self":[{"href":"https:\/\/www.bianna.at\/de\/wp-json\/wp\/v2\/product\/6989","targetHints":{"allow":["GET"]}}],"collection":[{"href":"https:\/\/www.bianna.at\/de\/wp-json\/wp\/v2\/product"}],"about":[{"href":"https:\/\/www.bianna.at\/de\/wp-json\/wp\/v2\/types\/product"}],"replies":[{"embeddable":true,"href":"https:\/\/www.bianna.at\/de\/wp-json\/wp\/v2\/comments?post=6989"}],"wp:featuredmedia":[{"embeddable":true,"href":"https:\/\/www.bianna.at\/de\/wp-json\/wp\/v2\/media\/6993"}],"wp:attachment":[{"href":"https:\/\/www.bianna.at\/de\/wp-json\/wp\/v2\/media?parent=6989"}],"wp:term":[{"taxonomy":"product_cat","embeddable":true,"href":"https:\/\/www.bianna.at\/de\/wp-json\/wp\/v2\/product_cat?post=6989"},{"taxonomy":"product_tag","embeddable":true,"href":"https:\/\/www.bianna.at\/de\/wp-json\/wp\/v2\/product_tag?post=6989"}],"curies":[{"name":"wp","href":"https:\/\/api.w.org\/{rel}","templated":true}]}}