{"id":7170,"date":"2023-10-19T17:11:07","date_gmt":"2023-10-19T17:11:07","guid":{"rendered":"https:\/\/www.bianna.at\/?page_id=7170"},"modified":"2023-11-07T15:13:35","modified_gmt":"2023-11-07T15:13:35","slug":"impressum","status":"publish","type":"page","link":"https:\/\/www.bianna.at\/de\/impressum\/","title":{"rendered":"Impressum"},"content":{"rendered":"<div data-elementor-type=\"wp-page\" data-elementor-id=\"7170\" class=\"elementor elementor-7170\" data-elementor-post-type=\"page\">\n\t\t\t\t\t\t\t\t\t<section class=\"elementor-section elementor-top-section elementor-element elementor-element-bd0505e elementor-section-full_width elementor-section-stretched elementor-section-height-default elementor-section-height-default\" data-id=\"bd0505e\" data-element_type=\"section\" data-settings=\"{&quot;stretch_section&quot;:&quot;section-stretched&quot;,&quot;background_background&quot;:&quot;classic&quot;}\">\n\t\t\t\t\t\t\t<div class=\"elementor-background-overlay\"><\/div>\n\t\t\t\t\t\t\t<div class=\"elementor-container elementor-column-gap-default\">\n\t\t\t\t\t<div class=\"elementor-column elementor-col-100 elementor-top-column elementor-element elementor-element-c6cebcd\" data-id=\"c6cebcd\" data-element_type=\"column\">\n\t\t\t<div class=\"elementor-widget-wrap elementor-element-populated\">\n\t\t\t\t\t\t\t\t<section class=\"elementor-section elementor-inner-section elementor-element elementor-element-fc73e70 elementor-section-boxed elementor-section-height-default elementor-section-height-default\" data-id=\"fc73e70\" data-element_type=\"section\">\n\t\t\t\t\t\t<div class=\"elementor-container elementor-column-gap-default\">\n\t\t\t\t\t<div class=\"elementor-column elementor-col-100 elementor-inner-column elementor-element elementor-element-80b0e57\" data-id=\"80b0e57\" data-element_type=\"column\">\n\t\t\t<div class=\"elementor-widget-wrap elementor-element-populated\">\n\t\t\t\t\t\t\t\t<div class=\"elementor-element elementor-element-7f216e0 elementor-widget elementor-widget-spacer\" data-id=\"7f216e0\" data-element_type=\"widget\" data-widget_type=\"spacer.default\">\n\t\t\t\t<div class=\"elementor-widget-container\">\n\t\t\t<style>\/*! elementor - v3.15.0 - 20-08-2023 *\/\n.elementor-column .elementor-spacer-inner{height:var(--spacer-size)}.e-con{--container-widget-width:100%}.e-con-inner>.elementor-widget-spacer,.e-con>.elementor-widget-spacer{width:var(--container-widget-width,var(--spacer-size));--align-self:var(--container-widget-align-self,initial);--flex-shrink:0}.e-con-inner>.elementor-widget-spacer>.elementor-widget-container,.e-con-inner>.elementor-widget-spacer>.elementor-widget-container>.elementor-spacer,.e-con>.elementor-widget-spacer>.elementor-widget-container,.e-con>.elementor-widget-spacer>.elementor-widget-container>.elementor-spacer{height:100%}.e-con-inner>.elementor-widget-spacer>.elementor-widget-container>.elementor-spacer>.elementor-spacer-inner,.e-con>.elementor-widget-spacer>.elementor-widget-container>.elementor-spacer>.elementor-spacer-inner{height:var(--container-widget-height,var(--spacer-size))}<\/style>\t\t<div class=\"elementor-spacer\">\n\t\t\t<div class=\"elementor-spacer-inner\"><\/div>\n\t\t<\/div>\n\t\t\t\t<\/div>\n\t\t\t\t<\/div>\n\t\t\t\t<div class=\"elementor-element elementor-element-2cc641a elementor-widget elementor-widget-heading\" data-id=\"2cc641a\" data-element_type=\"widget\" data-widget_type=\"heading.default\">\n\t\t\t\t<div class=\"elementor-widget-container\">\n\t\t\t<style>\/*! elementor - v3.15.0 - 20-08-2023 *\/\n.elementor-heading-title{padding:0;margin:0;line-height:1}.elementor-widget-heading .elementor-heading-title[class*=elementor-size-]>a{color:inherit;font-size:inherit;line-height:inherit}.elementor-widget-heading .elementor-heading-title.elementor-size-small{font-size:15px}.elementor-widget-heading .elementor-heading-title.elementor-size-medium{font-size:19px}.elementor-widget-heading .elementor-heading-title.elementor-size-large{font-size:29px}.elementor-widget-heading .elementor-heading-title.elementor-size-xl{font-size:39px}.elementor-widget-heading .elementor-heading-title.elementor-size-xxl{font-size:59px}<\/style><h2 class=\"elementor-heading-title elementor-size-default\">IMPRESSUM<\/h2>\t\t<\/div>\n\t\t\t\t<\/div>\n\t\t\t\t\t<\/div>\n\t\t<\/div>\n\t\t\t\t\t\t\t<\/div>\n\t\t<\/section>\n\t\t\t\t<section class=\"elementor-section elementor-inner-section elementor-element elementor-element-c1e0ff2 elementor-section-boxed elementor-section-height-default elementor-section-height-default\" data-id=\"c1e0ff2\" data-element_type=\"section\">\n\t\t\t\t\t\t<div class=\"elementor-container elementor-column-gap-default\">\n\t\t\t\t\t<div class=\"elementor-column elementor-col-50 elementor-inner-column elementor-element elementor-element-07e493d\" data-id=\"07e493d\" data-element_type=\"column\">\n\t\t\t<div class=\"elementor-widget-wrap elementor-element-populated\">\n\t\t\t\t\t\t\t\t<div class=\"elementor-element elementor-element-0822c39 elementor-shape-circle elementor-grid-1 e-grid-align-left e-grid-align-mobile-left elementor-hidden-mobile elementor-widget elementor-widget-social-icons\" data-id=\"0822c39\" data-element_type=\"widget\" data-widget_type=\"social-icons.default\">\n\t\t\t\t<div class=\"elementor-widget-container\">\n\t\t\t<style>\/*! elementor - v3.15.0 - 20-08-2023 *\/\n.elementor-widget-social-icons.elementor-grid-0 .elementor-widget-container,.elementor-widget-social-icons.elementor-grid-mobile-0 .elementor-widget-container,.elementor-widget-social-icons.elementor-grid-tablet-0 .elementor-widget-container{line-height:1;font-size:0}.elementor-widget-social-icons:not(.elementor-grid-0):not(.elementor-grid-tablet-0):not(.elementor-grid-mobile-0) .elementor-grid{display:inline-grid}.elementor-widget-social-icons .elementor-grid{grid-column-gap:var(--grid-column-gap,5px);grid-row-gap:var(--grid-row-gap,5px);grid-template-columns:var(--grid-template-columns);justify-content:var(--justify-content,center);justify-items:var(--justify-content,center)}.elementor-icon.elementor-social-icon{font-size:var(--icon-size,25px);line-height:var(--icon-size,25px);width:calc(var(--icon-size, 25px) + (2 * var(--icon-padding, .5em)));height:calc(var(--icon-size, 25px) + (2 * var(--icon-padding, .5em)))}.elementor-social-icon{--e-social-icon-icon-color:#fff;display:inline-flex;background-color:#69727d;align-items:center;justify-content:center;text-align:center;cursor:pointer}.elementor-social-icon i{color:var(--e-social-icon-icon-color)}.elementor-social-icon svg{fill:var(--e-social-icon-icon-color)}.elementor-social-icon:last-child{margin:0}.elementor-social-icon:hover{opacity:.9;color:#fff}.elementor-social-icon-android{background-color:#a4c639}.elementor-social-icon-apple{background-color:#999}.elementor-social-icon-behance{background-color:#1769ff}.elementor-social-icon-bitbucket{background-color:#205081}.elementor-social-icon-codepen{background-color:#000}.elementor-social-icon-delicious{background-color:#39f}.elementor-social-icon-deviantart{background-color:#05cc47}.elementor-social-icon-digg{background-color:#005be2}.elementor-social-icon-dribbble{background-color:#ea4c89}.elementor-social-icon-elementor{background-color:#d30c5c}.elementor-social-icon-envelope{background-color:#ea4335}.elementor-social-icon-facebook,.elementor-social-icon-facebook-f{background-color:#3b5998}.elementor-social-icon-flickr{background-color:#0063dc}.elementor-social-icon-foursquare{background-color:#2d5be3}.elementor-social-icon-free-code-camp,.elementor-social-icon-freecodecamp{background-color:#006400}.elementor-social-icon-github{background-color:#333}.elementor-social-icon-gitlab{background-color:#e24329}.elementor-social-icon-globe{background-color:#69727d}.elementor-social-icon-google-plus,.elementor-social-icon-google-plus-g{background-color:#dd4b39}.elementor-social-icon-houzz{background-color:#7ac142}.elementor-social-icon-instagram{background-color:#262626}.elementor-social-icon-jsfiddle{background-color:#487aa2}.elementor-social-icon-link{background-color:#818a91}.elementor-social-icon-linkedin,.elementor-social-icon-linkedin-in{background-color:#0077b5}.elementor-social-icon-medium{background-color:#00ab6b}.elementor-social-icon-meetup{background-color:#ec1c40}.elementor-social-icon-mixcloud{background-color:#273a4b}.elementor-social-icon-odnoklassniki{background-color:#f4731c}.elementor-social-icon-pinterest{background-color:#bd081c}.elementor-social-icon-product-hunt{background-color:#da552f}.elementor-social-icon-reddit{background-color:#ff4500}.elementor-social-icon-rss{background-color:#f26522}.elementor-social-icon-shopping-cart{background-color:#4caf50}.elementor-social-icon-skype{background-color:#00aff0}.elementor-social-icon-slideshare{background-color:#0077b5}.elementor-social-icon-snapchat{background-color:#fffc00}.elementor-social-icon-soundcloud{background-color:#f80}.elementor-social-icon-spotify{background-color:#2ebd59}.elementor-social-icon-stack-overflow{background-color:#fe7a15}.elementor-social-icon-steam{background-color:#00adee}.elementor-social-icon-stumbleupon{background-color:#eb4924}.elementor-social-icon-telegram{background-color:#2ca5e0}.elementor-social-icon-thumb-tack{background-color:#1aa1d8}.elementor-social-icon-tripadvisor{background-color:#589442}.elementor-social-icon-tumblr{background-color:#35465c}.elementor-social-icon-twitch{background-color:#6441a5}.elementor-social-icon-twitter{background-color:#1da1f2}.elementor-social-icon-viber{background-color:#665cac}.elementor-social-icon-vimeo{background-color:#1ab7ea}.elementor-social-icon-vk{background-color:#45668e}.elementor-social-icon-weibo{background-color:#dd2430}.elementor-social-icon-weixin{background-color:#31a918}.elementor-social-icon-whatsapp{background-color:#25d366}.elementor-social-icon-wordpress{background-color:#21759b}.elementor-social-icon-xing{background-color:#026466}.elementor-social-icon-yelp{background-color:#af0606}.elementor-social-icon-youtube{background-color:#cd201f}.elementor-social-icon-500px{background-color:#0099e5}.elementor-shape-rounded .elementor-icon.elementor-social-icon{border-radius:10%}.elementor-shape-circle .elementor-icon.elementor-social-icon{border-radius:50%}<\/style>\t\t<div class=\"elementor-social-icons-wrapper elementor-grid\">\n\t\t\t\t\t\t\t<span class=\"elementor-grid-item\">\n\t\t\t\t\t<a class=\"elementor-icon elementor-social-icon elementor-social-icon-youtube elementor-repeater-item-2b1bc56\" target=\"_blank\">\n\t\t\t\t\t\t<span class=\"elementor-screen-only\">Youtube<\/span>\n\t\t\t\t\t\t<i class=\"fab fa-youtube\"><\/i>\t\t\t\t\t<\/a>\n\t\t\t\t<\/span>\n\t\t\t\t\t\t\t<span class=\"elementor-grid-item\">\n\t\t\t\t\t<a class=\"elementor-icon elementor-social-icon elementor-social-icon-tiktok elementor-repeater-item-f39f105\" href=\"https:\/\/www.tiktok.com\/@biannaart\" target=\"_blank\">\n\t\t\t\t\t\t<span class=\"elementor-screen-only\">Tiktok<\/span>\n\t\t\t\t\t\t<i class=\"fab fa-tiktok\"><\/i>\t\t\t\t\t<\/a>\n\t\t\t\t<\/span>\n\t\t\t\t\t\t\t<span class=\"elementor-grid-item\">\n\t\t\t\t\t<a class=\"elementor-icon elementor-social-icon elementor-social-icon-instagram elementor-repeater-item-818a3d4\" href=\"https:\/\/www.instagram.com\/biannaart\/\" target=\"_blank\">\n\t\t\t\t\t\t<span class=\"elementor-screen-only\">Instagram<\/span>\n\t\t\t\t\t\t<i class=\"fab fa-instagram\"><\/i>\t\t\t\t\t<\/a>\n\t\t\t\t<\/span>\n\t\t\t\t\t\t\t<span class=\"elementor-grid-item\">\n\t\t\t\t\t<a class=\"elementor-icon elementor-social-icon elementor-social-icon-facebook-f elementor-repeater-item-228ee26\" href=\"https:\/\/www.facebook.com\/biannaart\/?locale=pt_BR\" target=\"_blank\">\n\t\t\t\t\t\t<span class=\"elementor-screen-only\">Facebook-f<\/span>\n\t\t\t\t\t\t<i class=\"fab fa-facebook-f\"><\/i>\t\t\t\t\t<\/a>\n\t\t\t\t<\/span>\n\t\t\t\t\t<\/div>\n\t\t\t\t<\/div>\n\t\t\t\t<\/div>\n\t\t\t\t\t<\/div>\n\t\t<\/div>\n\t\t\t\t<div class=\"elementor-column elementor-col-50 elementor-inner-column elementor-element elementor-element-323ef27\" data-id=\"323ef27\" data-element_type=\"column\">\n\t\t\t<div class=\"elementor-widget-wrap elementor-element-populated\">\n\t\t\t\t\t\t\t\t<div class=\"elementor-element elementor-element-1503a25 elementor-widget elementor-widget-spacer\" data-id=\"1503a25\" data-element_type=\"widget\" data-widget_type=\"spacer.default\">\n\t\t\t\t<div class=\"elementor-widget-container\">\n\t\t\t\t\t<div class=\"elementor-spacer\">\n\t\t\t<div class=\"elementor-spacer-inner\"><\/div>\n\t\t<\/div>\n\t\t\t\t<\/div>\n\t\t\t\t<\/div>\n\t\t\t\t\t<\/div>\n\t\t<\/div>\n\t\t\t\t\t\t\t<\/div>\n\t\t<\/section>\n\t\t\t\t\t<\/div>\n\t\t<\/div>\n\t\t\t\t\t\t\t<\/div>\n\t\t<\/section>\n\t\t\t\t<section class=\"elementor-section elementor-top-section elementor-element elementor-element-9f8ae5d elementor-section-boxed elementor-section-height-default elementor-section-height-default\" data-id=\"9f8ae5d\" data-element_type=\"section\">\n\t\t\t\t\t\t<div class=\"elementor-container elementor-column-gap-default\">\n\t\t\t\t\t<div class=\"elementor-column elementor-col-100 elementor-top-column elementor-element elementor-element-bf01ed4\" data-id=\"bf01ed4\" data-element_type=\"column\">\n\t\t\t<div class=\"elementor-widget-wrap elementor-element-populated\">\n\t\t\t\t\t\t\t\t<section class=\"elementor-section elementor-inner-section elementor-element elementor-element-32c8762 elementor-section-boxed elementor-section-height-default elementor-section-height-default\" data-id=\"32c8762\" data-element_type=\"section\">\n\t\t\t\t\t\t<div class=\"elementor-container elementor-column-gap-default\">\n\t\t\t\t\t<div class=\"elementor-column elementor-col-50 elementor-inner-column elementor-element elementor-element-cb77968\" data-id=\"cb77968\" data-element_type=\"column\">\n\t\t\t<div class=\"elementor-widget-wrap elementor-element-populated\">\n\t\t\t\t\t\t\t\t<div class=\"elementor-element elementor-element-c2199a7 elementor-widget elementor-widget-heading\" data-id=\"c2199a7\" data-element_type=\"widget\" data-widget_type=\"heading.default\">\n\t\t\t\t<div class=\"elementor-widget-container\">\n\t\t\t<h2 class=\"elementor-heading-title elementor-size-default\">IMPRESSUM<\/h2>\t\t<\/div>\n\t\t\t\t<\/div>\n\t\t\t\t\t<\/div>\n\t\t<\/div>\n\t\t\t\t<div class=\"elementor-column elementor-col-50 elementor-inner-column elementor-element elementor-element-b870696\" data-id=\"b870696\" data-element_type=\"column\">\n\t\t\t<div class=\"elementor-widget-wrap elementor-element-populated\">\n\t\t\t\t\t\t\t\t<div class=\"elementor-element elementor-element-8ce067e elementor-align-right elementor-mobile-align-left elementor-hidden-desktop elementor-hidden-tablet elementor-hidden-mobile elementor-widget elementor-widget-button\" data-id=\"8ce067e\" data-element_type=\"widget\" data-widget_type=\"button.default\">\n\t\t\t\t<div class=\"elementor-widget-container\">\n\t\t\t\t\t<div class=\"elementor-button-wrapper\">\n\t\t\t<a class=\"elementor-button elementor-button-link elementor-size-sm\" href=\"https:\/\/www.bianna.at\/de\/etkinlikler\/\">\n\t\t\t\t\t\t<span class=\"elementor-button-content-wrapper\">\n\t\t\t\t\t\t<span class=\"elementor-button-text\">T\u00dcM ETK\u0130NL\u0130KLER\u0130 \u0130NCELE<\/span>\n\t\t<\/span>\n\t\t\t\t\t<\/a>\n\t\t<\/div>\n\t\t\t\t<\/div>\n\t\t\t\t<\/div>\n\t\t\t\t\t<\/div>\n\t\t<\/div>\n\t\t\t\t\t\t\t<\/div>\n\t\t<\/section>\n\t\t\t\t<section class=\"elementor-section elementor-inner-section elementor-element elementor-element-c57be9e elementor-section-boxed elementor-section-height-default elementor-section-height-default\" data-id=\"c57be9e\" data-element_type=\"section\">\n\t\t\t\t\t\t<div class=\"elementor-container elementor-column-gap-default\">\n\t\t\t\t\t<div class=\"elementor-column elementor-col-100 elementor-inner-column elementor-element elementor-element-95cd7fb\" data-id=\"95cd7fb\" data-element_type=\"column\">\n\t\t\t<div class=\"elementor-widget-wrap elementor-element-populated\">\n\t\t\t\t\t\t\t\t<div class=\"elementor-element elementor-element-35c0b0c elementor-widget elementor-widget-text-editor\" data-id=\"35c0b0c\" data-element_type=\"widget\" data-widget_type=\"text-editor.default\">\n\t\t\t\t<div class=\"elementor-widget-container\">\n\t\t\t<style>\/*! elementor - v3.15.0 - 20-08-2023 *\/\n.elementor-widget-text-editor.elementor-drop-cap-view-stacked .elementor-drop-cap{background-color:#69727d;color:#fff}.elementor-widget-text-editor.elementor-drop-cap-view-framed .elementor-drop-cap{color:#69727d;border:3px solid;background-color:transparent}.elementor-widget-text-editor:not(.elementor-drop-cap-view-default) .elementor-drop-cap{margin-top:8px}.elementor-widget-text-editor:not(.elementor-drop-cap-view-default) .elementor-drop-cap-letter{width:1em;height:1em}.elementor-widget-text-editor .elementor-drop-cap{float:left;text-align:center;line-height:1;font-size:50px}.elementor-widget-text-editor .elementor-drop-cap-letter{display:inline-block}<\/style>\t\t\t\t<h5>Gizlilik S\u00f6zle\u015fmesi ve Kullan\u0131m Haklar\u0131<\/h5>\t\t\t\t\t\t<\/div>\n\t\t\t\t<\/div>\n\t\t\t\t<div class=\"elementor-element elementor-element-fd34ccb elementor-widget elementor-widget-text-editor\" data-id=\"fd34ccb\" data-element_type=\"widget\" data-widget_type=\"text-editor.default\">\n\t\t\t\t<div class=\"elementor-widget-container\">\n\t\t\t\t\t\t\t<div class=\"elementor-element elementor-element-d84e24e elementor-widget elementor-widget-heading\" data-id=\"d84e24e\" data-element_type=\"widget\" data-widget_type=\"heading.default\"><div class=\"elementor-widget-container\"><h5 class=\"elementor-heading-title elementor-size-default\">Bianna Art web sitesi hakk\u0131nda hukuki bilgileri burada bulabilirsiniz.<\/h5><\/div><\/div><div class=\"elementor-element elementor-element-c58956b elementor-widget elementor-widget-text-editor\" data-id=\"c58956b\" data-element_type=\"widget\" data-widget_type=\"text-editor.default\"><div class=\"elementor-widget-container\"><p>www.bianna.at web sitesi ve bu internet sitesinde yer alan i\u00e7erik, g\u00f6rsel ve i\u015fitsel unsurlar ve bunlar\u0131n d\u00fczenlenmeleri \u00fczerindeki her t\u00fcrl\u00fc fikri ve s\u0131nai m\u00fclkiyet hakk\u0131, aksi a\u00e7\u0131k\u00e7a belirtilmedi\u011fi s\u00fcrece Bianna Art&#8217;a aittir. Bilgiler, Bianna Art\u2019\u0131n yaz\u0131l\u0131 izni olmaks\u0131z\u0131n da\u011f\u0131t\u0131lamaz, kiralanamaz, \u00e7o\u011falt\u0131lamaz, de\u011fi\u015ftirilemez, ticari bir ama\u00e7la kullan\u0131lamaz. Ancak kaynak g\u00f6sterilerek al\u0131nt\u0131 yap\u0131labilir.<\/p><\/div><\/div><div class=\"elementor-element elementor-element-31908c5 elementor-widget elementor-widget-text-editor\" data-id=\"31908c5\" data-element_type=\"widget\" data-widget_type=\"text-editor.default\"><div class=\"elementor-widget-container\"><p>Bianna Art, hi\u00e7bir ko\u015fulda, \u0130\u00e7erikte olabilecek hata veya eksiklikler veya web sitesinde bulunan i\u00e7eri\u011fin kullan\u0131m\u0131ndan kaynaklanabilecek herhangi bir kay\u0131p veya hasar dahil, fakat bunlarla k\u0131s\u0131tl\u0131 olmamak kayd\u0131yla, i\u00e7erikten ve ziyaret\u00e7i taraf\u0131ndan sunulan yanl\u0131\u015f bilgiden sorumlu tutulamaz.<\/p><\/div><\/div><div class=\"elementor-element elementor-element-8ca23af elementor-widget elementor-widget-text-editor\" data-id=\"8ca23af\" data-element_type=\"widget\" data-widget_type=\"text-editor.default\"><div class=\"elementor-widget-container\"><p>Bianna Art web sitemizde, kendisinin veya \u00fc\u00e7\u00fcnc\u00fc ki\u015filerin hizmetleri hakk\u0131nda reklam ve promosyonlar g\u00f6r\u00fcnt\u00fclenebilir. Web sitemizde Bianna Art&#8217;a ait olmayan ve faaliyetleriyle ilgili bulunmayan di\u011fer web sitelerine y\u00f6nlendirme yap\u0131labilir. Ziyaret\u00e7inin bu web sitelerinden herhangi birini ziyaret etmesi halinde \u00fc\u00e7\u00fcnc\u00fc ki\u015filerin kullan\u0131m\u0131nda ve aitli\u011finde olan bu web sitelerinin politika ve uygulamalar\u0131ndan Bianna Art sorumlu de\u011fildir.<\/p><\/div><\/div><div class=\"elementor-element elementor-element-0894816 elementor-widget elementor-widget-text-editor\" data-id=\"0894816\" data-element_type=\"widget\" data-widget_type=\"text-editor.default\"><div class=\"elementor-widget-container\"><p>Bu internet sitesinde verilen bilgiler, \u201coldu\u011fu gibi\u201d, \u201cmevcut oldu\u011fu \u015fekilde\u201d sa\u011flanmaktad\u0131rlar. Bianna Art, ziyaret\u00e7iye, \u00fc\u00e7\u00fcnc\u00fc ki\u015filer hakk\u0131nda olanlar da dahil web sitesinde yer alan bilgilerle da dahil olarak m\u00fclkiyet, sat\u0131labilirlik, do\u011fruluk, g\u00fcvenilirlik, kesinlik, belirli bir ama\u00e7 i\u00e7in uygunluk ve\/veya bilgisayar vir\u00fcs\u00fc bulunmamas\u0131na ili\u015fkin garantiler dahil ancak bunlarla s\u0131n\u0131rl\u0131 kalmamak kayd\u0131yla, z\u0131mnen, a\u00e7\u0131k\u00e7a ya da yasal olarak hi\u00e7bir garanti vermemektedir.<\/p><\/div><\/div><div class=\"elementor-element elementor-element-8acdba1 elementor-widget elementor-widget-text-editor\" data-id=\"8acdba1\" data-element_type=\"widget\" data-widget_type=\"text-editor.default\"><div class=\"elementor-widget-container\"><p>Bu internet sitesinin kullan\u0131m\u0131 s\u0131ras\u0131nda veya sonras\u0131nda olu\u015fabilecek herhangi bir performans ar\u0131zas\u0131, hata, eksiklik, kesinti, kusur, i\u015fletme ve\/veya nakilde gecikme, bilgisayar vir\u00fcs\u00fc ve\/veya hat ve\/veya sistem ar\u0131zas\u0131 sonucu ortaya \u00e7\u0131kan do\u011frudan ya da dolayl\u0131 ortaya \u00e7\u0131kan zarar, ziyan ve masraflar d\u00e2hil ancak bunlarla s\u0131n\u0131rl\u0131 olmamak \u00fczere hi\u00e7bir zarar ve ziyandan, Bianna Art ve\/veya \u00e7al\u0131\u015fanlar\u0131, bu t\u00fcr bir zarar ve ziyan olas\u0131l\u0131\u011f\u0131ndan haberdar edilmi\u015f olsalar dahi, sorumlu olmazlar.<\/p><\/div><\/div><div class=\"elementor-element elementor-element-3626145 elementor-widget elementor-widget-text-editor\" data-id=\"3626145\" data-element_type=\"widget\" data-widget_type=\"text-editor.default\"><div class=\"elementor-widget-container\"><p>Bianna Art, bu \u0130nternet sitesinde yer alan b\u00fct\u00fcn \u00fcr\u00fcn ve hizmetleri, sayfalar\u0131, bilgileri, g\u00f6rsel unsurlar\u0131, i\u00e7eri\u011fi \u00f6nceden bildirimde bulunmadan de\u011fi\u015ftirme hakk\u0131n\u0131 sakl\u0131 tutar.<\/p><\/div><\/div><div class=\"elementor-element elementor-element-fe82964 elementor-widget elementor-widget-text-editor\" data-id=\"fe82964\" data-element_type=\"widget\" data-widget_type=\"text-editor.default\"><div class=\"elementor-widget-container\"><p>Bianna Art internet sitesi i\u00e7erisinde sizden \u015fahsi bilgi giri\u015fi talep edildi\u011fi takdirde, verece\u011finiz \u015fahsi bilgileriniz (isim, soyisim, adres, T.C. Kimlik numaras\u0131, do\u011fum tarihi, e-mail, telefon, faks, demografik bilgiler veya m\u00fc\u015fteri numaras\u0131 vb.) sadece bilgilendirme iletileri g\u00f6ndermek amac\u0131yla Bianna Art taraf\u0131ndan kullan\u0131lacak ve hukuki zorunluluklar veya izniniz haricinde kesinlikle 3. \u015fah\u0131s ve kurumlarla payla\u015f\u0131lmayacakt\u0131r.<\/p><\/div><\/div><div class=\"elementor-element elementor-element-8c43ae7 elementor-widget elementor-widget-text-editor\" data-id=\"8c43ae7\" data-element_type=\"widget\" data-widget_type=\"text-editor.default\"><div class=\"elementor-widget-container\"><p>Taraf\u0131n\u0131za Bianna Art taraf\u0131ndan g\u00f6nderilen do\u011frudan pazarlama iletilerini almak istemiyorsan\u0131z, bu talebinizi, size g\u00f6nderilen her bir iletinin alt\u0131nda yer alan \u201clisteden ayr\u0131lma\u201d uzant\u0131s\u0131 \u00fczerinden taraf\u0131m\u0131za g\u00f6nderebilir ya da ileti\u015fim bilgilerimizden bize ula\u015farak talepte bulunabilirsiniz.<\/p><p>Bianna Art web sitemizin hukuki \u015fartlar\u0131 ve gizlilik hakk\u0131nda daha fazla bilgi almak, sitemizle ilgili g\u00f6r\u00fc\u015f ve ele\u015ftirilerinizi bildirmek i\u00e7in bize e-posta yoluyla ula\u015fabilirsiniz.<\/p><\/div><\/div>\t\t\t\t\t\t<\/div>\n\t\t\t\t<\/div>\n\t\t\t\t\t<\/div>\n\t\t<\/div>\n\t\t\t\t\t\t\t<\/div>\n\t\t<\/section>\n\t\t\t\t\t<\/div>\n\t\t<\/div>\n\t\t\t\t\t\t\t<\/div>\n\t\t<\/section>\n\t\t\t\t\t\t\t<\/div>","protected":false},"excerpt":{"rendered":"<p>IMPRESSUM Youtube Tiktok Instagram Facebook-f IMPRESSUM T\u00dcM ETK\u0130NL\u0130KLER\u0130 \u0130NCELE Gizlilik S\u00f6zle\u015fmesi ve Kullan\u0131m Haklar\u0131 Bianna Art web sitesi hakk\u0131nda hukuki [&hellip;]<\/p>","protected":false},"author":1,"featured_media":0,"parent":0,"menu_order":0,"comment_status":"closed","ping_status":"closed","template":"elementor_header_footer","meta":{"inline_featured_image":false,"footnotes":""},"class_list":["post-7170","page","type-page","status-publish","hentry"],"_links":{"self":[{"href":"https:\/\/www.bianna.at\/de\/wp-json\/wp\/v2\/pages\/7170","targetHints":{"allow":["GET"]}}],"collection":[{"href":"https:\/\/www.bianna.at\/de\/wp-json\/wp\/v2\/pages"}],"about":[{"href":"https:\/\/www.bianna.at\/de\/wp-json\/wp\/v2\/types\/page"}],"author":[{"embeddable":true,"href":"https:\/\/www.bianna.at\/de\/wp-json\/wp\/v2\/users\/1"}],"replies":[{"embeddable":true,"href":"https:\/\/www.bianna.at\/de\/wp-json\/wp\/v2\/comments?post=7170"}],"version-history":[{"count":4,"href":"https:\/\/www.bianna.at\/de\/wp-json\/wp\/v2\/pages\/7170\/revisions"}],"predecessor-version":[{"id":7857,"href":"https:\/\/www.bianna.at\/de\/wp-json\/wp\/v2\/pages\/7170\/revisions\/7857"}],"wp:attachment":[{"href":"https:\/\/www.bianna.at\/de\/wp-json\/wp\/v2\/media?parent=7170"}],"curies":[{"name":"wp","href":"https:\/\/api.w.org\/{rel}","templated":true}]}}